{"id":19323,"date":"2025-07-01T00:47:20","date_gmt":"2025-07-01T03:47:20","guid":{"rendered":"https:\/\/vimagazine.com.br\/?page_id=19323"},"modified":"2025-07-08T14:22:35","modified_gmt":"2025-07-08T17:22:35","slug":"18a-edicao","status":"publish","type":"page","link":"https:\/\/vimagazine.com.br\/?page_id=19323","title":{"rendered":"18\u00aa Edi\u00e7\u00e3o &#8211; Vi MAGAZINE"},"content":{"rendered":"<p>Para melhor visualiza\u00e7\u00e3o arraste&nbsp; pra cima na barra vermelha<\/p>\n<div class=\"_3d-flip-book  fb3d-fullscreen-mode full-size\" data-id=\"19338\" data-mode=\"fullscreen\" data-title=\"false\" data-template=\"short-white-book-view\" data-lightbox=\"dark\" data-urlparam=\"fb3d-page\" data-page-n=\"0\" data-pdf=\"\" data-tax=\"null\" data-thumbnail=\"\" data-cols=\"3\" data-query=\"\"><\/div>\n","protected":false},"excerpt":{"rendered":"<p>Para melhor visualiza\u00e7\u00e3o arraste&nbsp; pra cima na barra vermelha<\/p>\n","protected":false},"author":1,"featured_media":0,"parent":0,"menu_order":0,"comment_status":"closed","ping_status":"closed","template":"","meta":{"om_disable_all_campaigns":false,"_monsterinsights_skip_tracking":false,"_monsterinsights_sitenote_active":false,"_monsterinsights_sitenote_note":"","_monsterinsights_sitenote_category":0,"spay_email":""},"_links":{"self":[{"href":"https:\/\/vimagazine.com.br\/index.php?rest_route=\/wp\/v2\/pages\/19323"}],"collection":[{"href":"https:\/\/vimagazine.com.br\/index.php?rest_route=\/wp\/v2\/pages"}],"about":[{"href":"https:\/\/vimagazine.com.br\/index.php?rest_route=\/wp\/v2\/types\/page"}],"author":[{"embeddable":true,"href":"https:\/\/vimagazine.com.br\/index.php?rest_route=\/wp\/v2\/users\/1"}],"replies":[{"embeddable":true,"href":"https:\/\/vimagazine.com.br\/index.php?rest_route=%2Fwp%2Fv2%2Fcomments&post=19323"}],"version-history":[{"count":10,"href":"https:\/\/vimagazine.com.br\/index.php?rest_route=\/wp\/v2\/pages\/19323\/revisions"}],"predecessor-version":[{"id":19406,"href":"https:\/\/vimagazine.com.br\/index.php?rest_route=\/wp\/v2\/pages\/19323\/revisions\/19406"}],"wp:attachment":[{"href":"https:\/\/vimagazine.com.br\/index.php?rest_route=%2Fwp%2Fv2%2Fmedia&parent=19323"}],"curies":[{"name":"wp","href":"https:\/\/api.w.org\/{rel}","templated":true}]}}