{"id":492,"date":"2021-10-25T15:21:49","date_gmt":"2021-10-25T18:21:49","guid":{"rendered":"http:\/\/vimagazine.com.br\/?page_id=492"},"modified":"2021-12-10T01:15:08","modified_gmt":"2021-12-10T04:15:08","slug":"quem-somos","status":"publish","type":"page","link":"https:\/\/vimagazine.com.br\/?page_id=492","title":{"rendered":"QUEM SOMOS"},"content":{"rendered":"\n<p class=\"has-small-font-size\"><\/p>\n\n\n\n<figure class=\"wp-block-image size-thumbnail is-resized is-style-default\"><img src=\"https:\/\/vimagazine.com.br\/wp-content\/uploads\/2021\/11\/VI_MAGAZINE_LOGO-peq-150x150.png\" alt=\"\" class=\"wp-image-1147\" width=\"38\" height=\"38\"\/><\/figure>\n\n\n\n<p class=\"has-background has-small-font-size\" style=\"background-color:#e7ecf1\"><strong>Vi MAGAZINE<\/strong> nasceu de um projeto criado cuidadosamente pela Jornalista e Publicit\u00e1ria <strong>Viviane de Oliveira<\/strong>. <br>Depois de algum tempo planejando o portal, Vivi notou que o principal objetivo que o p\u00fablico busca na vida \u00e9 ser protagonistas da sua pr\u00f3pria hist\u00f3ria. Mas, para isso \u00e9 preciso se manter motivado, conectado e atento com a atualidade e a velocidade com que as coisas acontecem.<br>Para sermos os protagonistas da nossa pr\u00f3pria hist\u00f3ria precisamos nos arriscar, a fim de fazer as coisas acontecerem de verdade. Ent\u00e3o pensando nisso, o portal Vi MAGAZINE nasce com o proposito de trazer informa\u00e7\u00f5es do que acontece ao seu redor e no mundo. E desta forma queremos fazer com que o leitor se motive, se inspire e saia da sua zona de conforto se tornando o ASTRO da sua pr\u00f3pria VIDA.<br><br>Com uma equipe competente de colunistas, jornalistas, articulistas e colaboradores <strong>Vi MAGAZINE<\/strong> quer inspirar voc\u00ea. Para isso trazemos editorias de viagem, turismo, cultura, empreendedorismo, estilo de vida, sa\u00fade, noticias do mundo das celebridades, mercado do luxo, comportamento e muito mais. Tudo isso pensado carinhosamente em lhe proporcionar conhecimento e que determine voc\u00ea a se encorajar, para se tornar o ator principal da sua hist\u00f3ria de VIDA.<\/p>\n\n\n\n<p class=\"has-small-font-size\">CONTATO: (47) 99187 0317 <br>MAFRA SC <br> <a href=\"https:\/\/www.instagram.com\/vi_magazine_\">https:\/\/www.instagram.com\/vi_magazine_<\/a><\/p>\n","protected":false},"excerpt":{"rendered":"<p>Vi MAGAZINE nasceu de um projeto criado cuidadosamente pela Jornalista e Publicit\u00e1ria Viviane de Oliveira&#8230;.<\/p>\n","protected":false},"author":1,"featured_media":0,"parent":0,"menu_order":0,"comment_status":"closed","ping_status":"closed","template":"","meta":{"om_disable_all_campaigns":false,"_monsterinsights_skip_tracking":false,"_monsterinsights_sitenote_active":false,"_monsterinsights_sitenote_note":"","_monsterinsights_sitenote_category":0,"spay_email":""},"_links":{"self":[{"href":"https:\/\/vimagazine.com.br\/index.php?rest_route=\/wp\/v2\/pages\/492"}],"collection":[{"href":"https:\/\/vimagazine.com.br\/index.php?rest_route=\/wp\/v2\/pages"}],"about":[{"href":"https:\/\/vimagazine.com.br\/index.php?rest_route=\/wp\/v2\/types\/page"}],"author":[{"embeddable":true,"href":"https:\/\/vimagazine.com.br\/index.php?rest_route=\/wp\/v2\/users\/1"}],"replies":[{"embeddable":true,"href":"https:\/\/vimagazine.com.br\/index.php?rest_route=%2Fwp%2Fv2%2Fcomments&post=492"}],"version-history":[{"count":20,"href":"https:\/\/vimagazine.com.br\/index.php?rest_route=\/wp\/v2\/pages\/492\/revisions"}],"predecessor-version":[{"id":1867,"href":"https:\/\/vimagazine.com.br\/index.php?rest_route=\/wp\/v2\/pages\/492\/revisions\/1867"}],"wp:attachment":[{"href":"https:\/\/vimagazine.com.br\/index.php?rest_route=%2Fwp%2Fv2%2Fmedia&parent=492"}],"curies":[{"name":"wp","href":"https:\/\/api.w.org\/{rel}","templated":true}]}}