{"id":6919,"date":"2022-11-01T17:20:27","date_gmt":"2022-11-01T20:20:27","guid":{"rendered":"https:\/\/vimagazine.com.br\/?page_id=6919"},"modified":"2022-11-01T17:47:03","modified_gmt":"2022-11-01T20:47:03","slug":"11a-edicao","status":"publish","type":"page","link":"https:\/\/vimagazine.com.br\/?page_id=6919","title":{"rendered":"11\u00aa Edi\u00e7\u00e3o"},"content":{"rendered":"<p>Para melhor visualiza\u00e7\u00e3o no seu celular, role pra cima na barra vermelha.<\/p>\n<div class=\"_3d-flip-book  fb3d-fullscreen-mode full-size\" data-id=\"6848\" data-mode=\"fullscreen\" data-title=\"false\" data-template=\"short-white-book-view\" data-lightbox=\"dark\" data-urlparam=\"fb3d-page\" data-page-n=\"0\" data-pdf=\"\" data-tax=\"null\" data-thumbnail=\"\" data-cols=\"3\" data-query=\"\"><\/div>\n","protected":false},"excerpt":{"rendered":"<p>Para melhor visualiza\u00e7\u00e3o no seu celular, role pra cima na barra vermelha.<\/p>\n","protected":false},"author":1,"featured_media":0,"parent":0,"menu_order":0,"comment_status":"closed","ping_status":"closed","template":"","meta":{"om_disable_all_campaigns":false,"_monsterinsights_skip_tracking":false,"_monsterinsights_sitenote_active":false,"_monsterinsights_sitenote_note":"","_monsterinsights_sitenote_category":0,"spay_email":""},"_links":{"self":[{"href":"https:\/\/vimagazine.com.br\/index.php?rest_route=\/wp\/v2\/pages\/6919"}],"collection":[{"href":"https:\/\/vimagazine.com.br\/index.php?rest_route=\/wp\/v2\/pages"}],"about":[{"href":"https:\/\/vimagazine.com.br\/index.php?rest_route=\/wp\/v2\/types\/page"}],"author":[{"embeddable":true,"href":"https:\/\/vimagazine.com.br\/index.php?rest_route=\/wp\/v2\/users\/1"}],"replies":[{"embeddable":true,"href":"https:\/\/vimagazine.com.br\/index.php?rest_route=%2Fwp%2Fv2%2Fcomments&post=6919"}],"version-history":[{"count":5,"href":"https:\/\/vimagazine.com.br\/index.php?rest_route=\/wp\/v2\/pages\/6919\/revisions"}],"predecessor-version":[{"id":6926,"href":"https:\/\/vimagazine.com.br\/index.php?rest_route=\/wp\/v2\/pages\/6919\/revisions\/6926"}],"wp:attachment":[{"href":"https:\/\/vimagazine.com.br\/index.php?rest_route=%2Fwp%2Fv2%2Fmedia&parent=6919"}],"curies":[{"name":"wp","href":"https:\/\/api.w.org\/{rel}","templated":true}]}}